{"id":16366,"date":"2025-07-17T18:03:49","date_gmt":"2025-07-17T18:03:49","guid":{"rendered":"https:\/\/proinver.mx\/?post_type=product&#038;p=16366"},"modified":"2025-07-17T18:03:49","modified_gmt":"2025-07-17T18:03:49","slug":"tee-dentada-espiga-16-mm","status":"publish","type":"product","link":"https:\/\/proinver.mx\/?product=tee-dentada-espiga-16-mm","title":{"rendered":"TEE DENTADA ESPIGA 16 MM."},"content":{"rendered":"<p><span data-sheets-root=\"1\">Conexi\u00f3n Tee tipo espiga ideal para la uni\u00f3n de 3 tramos de manguera calibre 16 mm ,clave en la ramificaci\u00f3n del flujo de agua y la optimizaci\u00f3n del agua.<\/span><\/p>\n","protected":false},"excerpt":{"rendered":"<p><span data-sheets-root=\"1\">Conexi\u00f3n Tee tipo espiga ideal para la uni\u00f3n de 3 tramos de manguera calibre 16 mm ,clave en la ramificaci\u00f3n del flujo de agua y la optimizaci\u00f3n del agua.<\/span><\/p>\n","protected":false},"featured_media":16367,"comment_status":"open","ping_status":"closed","template":"","meta":[],"product_cat":[72],"product_tag":[],"class_list":{"0":"post-16366","1":"product","2":"type-product","3":"status-publish","4":"has-post-thumbnail","6":"product_cat-sistema-de-riego","8":"first","9":"instock","10":"shipping-taxable","11":"product-type-simple"},"_links":{"self":[{"href":"https:\/\/proinver.mx\/index.php?rest_route=\/wp\/v2\/product\/16366","targetHints":{"allow":["GET"]}}],"collection":[{"href":"https:\/\/proinver.mx\/index.php?rest_route=\/wp\/v2\/product"}],"about":[{"href":"https:\/\/proinver.mx\/index.php?rest_route=\/wp\/v2\/types\/product"}],"replies":[{"embeddable":true,"href":"https:\/\/proinver.mx\/index.php?rest_route=%2Fwp%2Fv2%2Fcomments&post=16366"}],"version-history":[{"count":1,"href":"https:\/\/proinver.mx\/index.php?rest_route=\/wp\/v2\/product\/16366\/revisions"}],"predecessor-version":[{"id":16368,"href":"https:\/\/proinver.mx\/index.php?rest_route=\/wp\/v2\/product\/16366\/revisions\/16368"}],"wp:featuredmedia":[{"embeddable":true,"href":"https:\/\/proinver.mx\/index.php?rest_route=\/wp\/v2\/media\/16367"}],"wp:attachment":[{"href":"https:\/\/proinver.mx\/index.php?rest_route=%2Fwp%2Fv2%2Fmedia&parent=16366"}],"wp:term":[{"taxonomy":"product_cat","embeddable":true,"href":"https:\/\/proinver.mx\/index.php?rest_route=%2Fwp%2Fv2%2Fproduct_cat&post=16366"},{"taxonomy":"product_tag","embeddable":true,"href":"https:\/\/proinver.mx\/index.php?rest_route=%2Fwp%2Fv2%2Fproduct_tag&post=16366"}],"curies":[{"name":"wp","href":"https:\/\/api.w.org\/{rel}","templated":true}]}}